{"id":769,"date":"2017-11-06T13:15:00","date_gmt":"2017-11-06T13:15:00","guid":{"rendered":"http:\/\/aalto.edge-themes.com\/?page_id=769"},"modified":"2019-05-06T14:53:12","modified_gmt":"2019-05-06T14:53:12","slug":"news","status":"publish","type":"page","link":"https:\/\/www.grupo-valco.com\/pt\/news\/","title":{"rendered":"Not\u00edcias Valco"},"content":{"rendered":"<p><\/p>\n<p>[vc_row parallax_background_image=&#8221;4613&#8243; css=&#8221;.vc_custom_1528811576646{background-position: center !important;background-repeat: no-repeat !important;background-size: cover !important;}&#8221;][vc_column css=&#8221;.vc_custom_1528807738127{margin-top: 0px !important;padding-top: 0px !important;}&#8221;]<div class=\"edgtf-elements-holder   edgtf-one-column  edgtf-responsive-mode-768 \" ><div class=\"edgtf-eh-item   edgtf-horizontal-alignment-center \"  data-item-class=\"edgtf-eh-custom-6781\" data-1024-1280=\"0px 66px 0 55px\" data-768-1024=\"0px 142px 0 142px\" data-680-768=\"0px 99px 0 99px\" data-680=\"0px 53px 0 53px\">\n\t<div class=\"edgtf-eh-item-inner\">\n\t\t<div class=\"edgtf-eh-item-content edgtf-eh-custom-6781\" style=\"padding: 0px 116px 0 116px\">\n\t\t\t[vc_row_inner row_content_width=&#8221;grid&#8221; content_text_aligment=&#8221;left&#8221; el_class=&#8221;small-banner&#8221;][vc_column_inner]<div class=\"edgtf-animation-holder edgtf-element-from-left\" data-animation=\"edgtf-element-from-left\" data-animation-delay=\"\"><div class=\"edgtf-animation-inner\"><div class=\"edgtf-section-title-holder text-title-page edgtf-st-standard  edgtf-st-position-left edgtf-appear-fx\" style=\"text-align: left\">\n\t\t<div class=\"edgtf-st-inner\">\n                    <div class=\"edgtf-st-title-holder\">\n                <h1 class=\"edgtf-st-title\" style=\"color: #ffffff\">\n                    Not\u00edcias                <\/h1>\n            <\/div>\n\t\t\t\t\t<\/div>\n    <\/div><\/div><\/div>[\/vc_column_inner][\/vc_row_inner]\t\t<\/div>\n\t<\/div>\n<\/div><\/div>[\/vc_column][\/vc_row][vc_row row_content_width=&#8221;grid&#8221; css=&#8221;.vc_custom_1543311432009{padding-top: 40px !important;padding-bottom: 120px !important;}&#8221; simple_background_color=&#8221;#ffffff&#8221;][vc_column]<div class=\"edgtf-blog-list-holder edgtf-bl-standard edgtf-bl-two-columns edgtf-large-space edgtf-bl-pag-standard-blog-list \"  data-type=standard data-number-of-posts=6 data-number-of-columns=2 data-space-between-items=large data-category=news data-orderby=date data-order=DESC data-image-size=full data-title-tag=h4 data-excerpt-length=30 data-post-info-section=yes data-post-info-image=yes data-post-info-author=yes data-post-info-date=yes data-post-info-category=yes data-post-info-comments=no data-post-info-like=no data-post-info-share=no data-pagination-type=standard-blog-list data-show-info-on-appear=yes data-enable-parallax-animation=yes data-max-num-pages=1 data-next-page=2>\n\t<div class=\"edgtf-bl-wrapper edgtf-outer-space\">\n\t\t<ul class=\"edgtf-blog-list\">\n\t\t\t<li class=\"edgtf-bl-item edgtf-item-space clearfix\">\n\t<div class=\"edgtf-bli-inner\">\n\t\t\n\t<div class=\"edgtf-post-image\">\n\t\t\t\t\t<a itemprop=\"url\" href=\"https:\/\/www.grupo-valco.com\/pt\/news-portas-acustica-44db\/\" title=\"Portas ac\u00fasticas 44dB\">\n\t\t\t\t\t<img width=\"1200\" height=\"720\" src=\"https:\/\/www.grupo-valco.com\/wp-content\/uploads\/News-Julho-44db.jpg\" class=\"attachment-full size-full wp-post-image\" alt=\"\" decoding=\"async\" loading=\"lazy\" srcset=\"https:\/\/www.grupo-valco.com\/wp-content\/uploads\/News-Julho-44db.jpg 1200w, https:\/\/www.grupo-valco.com\/wp-content\/uploads\/News-Julho-44db-300x180.jpg 300w, https:\/\/www.grupo-valco.com\/wp-content\/uploads\/News-Julho-44db-768x461.jpg 768w, https:\/\/www.grupo-valco.com\/wp-content\/uploads\/News-Julho-44db-1024x614.jpg 1024w, https:\/\/www.grupo-valco.com\/wp-content\/uploads\/News-Julho-44db-600x360.jpg 600w\" sizes=\"(max-width: 1200px) 100vw, 1200px\" \/>\t\t\t\t\t<\/a>\n\t\t\t\t\t<\/div>\n        <div class=\"edgtf-bli-content\">\n\t        \n<h4 itemprop=\"name\" class=\"entry-title edgtf-post-title\" >\n            <a itemprop=\"url\" href=\"https:\/\/www.grupo-valco.com\/pt\/news-portas-acustica-44db\/\" title=\"Portas ac\u00fasticas 44dB\">\n            Portas ac\u00fasticas 44dB            <\/a>\n    <\/h4>                <div class=\"edgtf-bli-info\">\n\t                <div class=\"edgtf-post-info-author\">\n    <span class=\"edgtf-post-info-author-text\">\n        by    <\/span>\n    <a itemprop=\"author\" class=\"edgtf-post-info-author-link\" href=\"https:\/\/www.grupo-valco.com\/pt\/author\/gvadmin\/\">\n        GVAdmin    <\/a>\n<\/div><div class=\"edgtf-post-info-category\">\n    <a href=\"https:\/\/www.grupo-valco.com\/pt\/product-category\/news\/\" rel=\"category tag\">News<\/a><\/div><div itemprop=\"dateCreated\" class=\"edgtf-post-info-date entry-date published updated\">\n            <a itemprop=\"url\" href=\"https:\/\/www.grupo-valco.com\/pt\/2018\/07\/\">\n    \n        julho 31, 2018        <\/a>\n    <meta itemprop=\"interactionCount\" content=\"UserComments: 0\"\/>\n<\/div>                <\/div>\n            \t\n\t        <div class=\"edgtf-bli-excerpt\">\n\t\t        \t\t<div class=\"edgtf-post-excerpt-holder\">\n\t\t\t<p itemprop=\"description\" class=\"edgtf-post-excerpt\">\n\t\t\t\tO Grupo-Valco assegura portas Ac\u00fasticas 44dB.\t\t\t<\/p>\n\t\t<\/div>\n\t\t\t        \t<div class=\"edgtf-post-read-more-button\">\n\t\t<a itemprop=\"url\" href=\"https:\/\/www.grupo-valco.com\/pt\/news-portas-acustica-44db\/\" target=\"_self\" style=\"text-transform: capitalize\" class=\"edgtf-btn edgtf-btn-medium edgtf-btn-simple edgtf-btn-with-arrow edgtf-btn-text-on-hover\"  >            <span class=\"edgtf-btn-text\">Read More<\/span>            <span class=\"edgtf-btn-arrow\">            <svg version=\"1.1\" id=\"btn-arrow-1523504458\" xmlns=\"http:\/\/www.w3.org\/2000\/svg\" xmlns:xlink=\"http:\/\/www.w3.org\/1999\/xlink\" x=\"0px\" y=\"0px\"                 width=\"18px\" height=\"4px\" viewBox=\"0 0 18 4\" enable-background=\"new 0 0 18 4\" xml:space=\"preserve\">            \t<polyline fill=\"none\" stroke=\"#323232\" stroke-miterlimit=\"10\" points=\"0,3.508 16.809,3.508 13.686,0.342 \"\/>            <\/svg>        <\/span>    <\/a>\t<\/div>\n\t        <\/div>\n        <\/div>\n\t<\/div>\n<\/li><li class=\"edgtf-bl-item edgtf-item-space clearfix\">\n\t<div class=\"edgtf-bli-inner\">\n\t\t\n\t<div class=\"edgtf-post-image\">\n\t\t\t\t\t<a itemprop=\"url\" href=\"https:\/\/www.grupo-valco.com\/pt\/news-corta-fogo-ei30-60\/\" title=\"Portas Corta-fogo EI30\/60\">\n\t\t\t\t\t<img width=\"1200\" height=\"720\" src=\"https:\/\/www.grupo-valco.com\/wp-content\/uploads\/News-Junho-EI30-60-corta-fogo.jpg\" class=\"attachment-full size-full wp-post-image\" alt=\"\" decoding=\"async\" loading=\"lazy\" srcset=\"https:\/\/www.grupo-valco.com\/wp-content\/uploads\/News-Junho-EI30-60-corta-fogo.jpg 1200w, https:\/\/www.grupo-valco.com\/wp-content\/uploads\/News-Junho-EI30-60-corta-fogo-300x180.jpg 300w, https:\/\/www.grupo-valco.com\/wp-content\/uploads\/News-Junho-EI30-60-corta-fogo-768x461.jpg 768w, https:\/\/www.grupo-valco.com\/wp-content\/uploads\/News-Junho-EI30-60-corta-fogo-1024x614.jpg 1024w, https:\/\/www.grupo-valco.com\/wp-content\/uploads\/News-Junho-EI30-60-corta-fogo-600x360.jpg 600w\" sizes=\"(max-width: 1200px) 100vw, 1200px\" \/>\t\t\t\t\t<\/a>\n\t\t\t\t\t<\/div>\n        <div class=\"edgtf-bli-content\">\n\t        \n<h4 itemprop=\"name\" class=\"entry-title edgtf-post-title\" >\n            <a itemprop=\"url\" href=\"https:\/\/www.grupo-valco.com\/pt\/news-corta-fogo-ei30-60\/\" title=\"Portas Corta-fogo EI30\/60\">\n            Portas Corta-fogo EI30\/60            <\/a>\n    <\/h4>                <div class=\"edgtf-bli-info\">\n\t                <div class=\"edgtf-post-info-author\">\n    <span class=\"edgtf-post-info-author-text\">\n        by    <\/span>\n    <a itemprop=\"author\" class=\"edgtf-post-info-author-link\" href=\"https:\/\/www.grupo-valco.com\/pt\/author\/gvadmin\/\">\n        GVAdmin    <\/a>\n<\/div><div class=\"edgtf-post-info-category\">\n    <a href=\"https:\/\/www.grupo-valco.com\/pt\/product-category\/news\/\" rel=\"category tag\">News<\/a><\/div><div itemprop=\"dateCreated\" class=\"edgtf-post-info-date entry-date published updated\">\n            <a itemprop=\"url\" href=\"https:\/\/www.grupo-valco.com\/pt\/2018\/07\/\">\n    \n        julho 1, 2018        <\/a>\n    <meta itemprop=\"interactionCount\" content=\"UserComments: 0\"\/>\n<\/div>                <\/div>\n            \t\n\t        <div class=\"edgtf-bli-excerpt\">\n\t\t        \t\t<div class=\"edgtf-post-excerpt-holder\">\n\t\t\t<p itemprop=\"description\" class=\"edgtf-post-excerpt\">\n\t\t\t\tAs portas Corta-fogo do Grupo-Valco foram submetidas a ensaios que asseguram a resist\u00eancia a 30 e 60 minutos, vitais no que diz respeito \u00e0 seguran\u00e7a contra-inc\u00eandio.\t\t\t<\/p>\n\t\t<\/div>\n\t\t\t        \t<div class=\"edgtf-post-read-more-button\">\n\t\t<a itemprop=\"url\" href=\"https:\/\/www.grupo-valco.com\/pt\/news-corta-fogo-ei30-60\/\" target=\"_self\" style=\"text-transform: capitalize\" class=\"edgtf-btn edgtf-btn-medium edgtf-btn-simple edgtf-btn-with-arrow edgtf-btn-text-on-hover\"  >            <span class=\"edgtf-btn-text\">Read More<\/span>            <span class=\"edgtf-btn-arrow\">            <svg version=\"1.1\" id=\"btn-arrow-846157793\" xmlns=\"http:\/\/www.w3.org\/2000\/svg\" xmlns:xlink=\"http:\/\/www.w3.org\/1999\/xlink\" x=\"0px\" y=\"0px\"                 width=\"18px\" height=\"4px\" viewBox=\"0 0 18 4\" enable-background=\"new 0 0 18 4\" xml:space=\"preserve\">            \t<polyline fill=\"none\" stroke=\"#323232\" stroke-miterlimit=\"10\" points=\"0,3.508 16.809,3.508 13.686,0.342 \"\/>            <\/svg>        <\/span>    <\/a>\t<\/div>\n\t        <\/div>\n        <\/div>\n\t<\/div>\n<\/li><li class=\"edgtf-bl-item edgtf-item-space clearfix\">\n\t<div class=\"edgtf-bli-inner\">\n\t\t\n\t<div class=\"edgtf-post-image\">\n\t\t\t\t\t<a itemprop=\"url\" href=\"https:\/\/www.grupo-valco.com\/pt\/news-60-anos-dar-forma\/\" title=\"H\u00e1 60 anos a dar forma\">\n\t\t\t\t\t<img width=\"1200\" height=\"720\" src=\"https:\/\/www.grupo-valco.com\/wp-content\/uploads\/formao-1200x720_2.jpg\" class=\"attachment-full size-full wp-post-image\" alt=\"\" decoding=\"async\" loading=\"lazy\" srcset=\"https:\/\/www.grupo-valco.com\/wp-content\/uploads\/formao-1200x720_2.jpg 1200w, https:\/\/www.grupo-valco.com\/wp-content\/uploads\/formao-1200x720_2-300x180.jpg 300w, https:\/\/www.grupo-valco.com\/wp-content\/uploads\/formao-1200x720_2-768x461.jpg 768w, https:\/\/www.grupo-valco.com\/wp-content\/uploads\/formao-1200x720_2-1024x614.jpg 1024w, https:\/\/www.grupo-valco.com\/wp-content\/uploads\/formao-1200x720_2-600x360.jpg 600w\" sizes=\"(max-width: 1200px) 100vw, 1200px\" \/>\t\t\t\t\t<\/a>\n\t\t\t\t\t<\/div>\n        <div class=\"edgtf-bli-content\">\n\t        \n<h4 itemprop=\"name\" class=\"entry-title edgtf-post-title\" >\n            <a itemprop=\"url\" href=\"https:\/\/www.grupo-valco.com\/pt\/news-60-anos-dar-forma\/\" title=\"H\u00e1 60 anos a dar forma\">\n            H\u00e1 60 anos a dar forma            <\/a>\n    <\/h4>                <div class=\"edgtf-bli-info\">\n\t                <div class=\"edgtf-post-info-author\">\n    <span class=\"edgtf-post-info-author-text\">\n        by    <\/span>\n    <a itemprop=\"author\" class=\"edgtf-post-info-author-link\" href=\"https:\/\/www.grupo-valco.com\/pt\/author\/gvadmin\/\">\n        GVAdmin    <\/a>\n<\/div><div class=\"edgtf-post-info-category\">\n    <a href=\"https:\/\/www.grupo-valco.com\/pt\/product-category\/news\/\" rel=\"category tag\">News<\/a><\/div><div itemprop=\"dateCreated\" class=\"edgtf-post-info-date entry-date published updated\">\n            <a itemprop=\"url\" href=\"https:\/\/www.grupo-valco.com\/pt\/2018\/03\/\">\n    \n        mar\u00e7o 29, 2018        <\/a>\n    <meta itemprop=\"interactionCount\" content=\"UserComments: 0\"\/>\n<\/div>                <\/div>\n            \t\n\t        <div class=\"edgtf-bli-excerpt\">\n\t\t        \t\t<div class=\"edgtf-post-excerpt-holder\">\n\t\t\t<p itemprop=\"description\" class=\"edgtf-post-excerpt\">\n\t\t\t\tComemoramos hoje 60 anos t\u00e3o orgulhosos da nossa hist\u00f3ria como do nosso vigor para desafiar o futuro.\t\t\t<\/p>\n\t\t<\/div>\n\t\t\t        \t<div class=\"edgtf-post-read-more-button\">\n\t\t<a itemprop=\"url\" href=\"https:\/\/www.grupo-valco.com\/pt\/news-60-anos-dar-forma\/\" target=\"_self\" style=\"text-transform: capitalize\" class=\"edgtf-btn edgtf-btn-medium edgtf-btn-simple edgtf-btn-with-arrow edgtf-btn-text-on-hover\"  >            <span class=\"edgtf-btn-text\">Read More<\/span>            <span class=\"edgtf-btn-arrow\">            <svg version=\"1.1\" id=\"btn-arrow-474587078\" xmlns=\"http:\/\/www.w3.org\/2000\/svg\" xmlns:xlink=\"http:\/\/www.w3.org\/1999\/xlink\" x=\"0px\" y=\"0px\"                 width=\"18px\" height=\"4px\" viewBox=\"0 0 18 4\" enable-background=\"new 0 0 18 4\" xml:space=\"preserve\">            \t<polyline fill=\"none\" stroke=\"#323232\" stroke-miterlimit=\"10\" points=\"0,3.508 16.809,3.508 13.686,0.342 \"\/>            <\/svg>        <\/span>    <\/a>\t<\/div>\n\t        <\/div>\n        <\/div>\n\t<\/div>\n<\/li><li class=\"edgtf-bl-item edgtf-item-space clearfix\">\n\t<div class=\"edgtf-bli-inner\">\n\t\t\n\t<div class=\"edgtf-post-image\">\n\t\t\t\t\t<a itemprop=\"url\" href=\"https:\/\/www.grupo-valco.com\/pt\/news-color-run-2014\/\" title=\"Color Run 2014\">\n\t\t\t\t\t<img width=\"1200\" height=\"720\" src=\"https:\/\/www.grupo-valco.com\/wp-content\/uploads\/News-Color-Run-2014-Out.jpg\" class=\"attachment-full size-full wp-post-image\" alt=\"\" decoding=\"async\" loading=\"lazy\" srcset=\"https:\/\/www.grupo-valco.com\/wp-content\/uploads\/News-Color-Run-2014-Out.jpg 1200w, https:\/\/www.grupo-valco.com\/wp-content\/uploads\/News-Color-Run-2014-Out-300x180.jpg 300w, https:\/\/www.grupo-valco.com\/wp-content\/uploads\/News-Color-Run-2014-Out-768x461.jpg 768w, https:\/\/www.grupo-valco.com\/wp-content\/uploads\/News-Color-Run-2014-Out-1024x614.jpg 1024w, https:\/\/www.grupo-valco.com\/wp-content\/uploads\/News-Color-Run-2014-Out-600x360.jpg 600w\" sizes=\"(max-width: 1200px) 100vw, 1200px\" \/>\t\t\t\t\t<\/a>\n\t\t\t\t\t<\/div>\n        <div class=\"edgtf-bli-content\">\n\t        \n<h4 itemprop=\"name\" class=\"entry-title edgtf-post-title\" >\n            <a itemprop=\"url\" href=\"https:\/\/www.grupo-valco.com\/pt\/news-color-run-2014\/\" title=\"Color Run 2014\">\n            Color Run 2014            <\/a>\n    <\/h4>                <div class=\"edgtf-bli-info\">\n\t                <div class=\"edgtf-post-info-author\">\n    <span class=\"edgtf-post-info-author-text\">\n        by    <\/span>\n    <a itemprop=\"author\" class=\"edgtf-post-info-author-link\" href=\"https:\/\/www.grupo-valco.com\/pt\/author\/gvadmin\/\">\n        GVAdmin    <\/a>\n<\/div><div class=\"edgtf-post-info-category\">\n    <a href=\"https:\/\/www.grupo-valco.com\/pt\/product-category\/news\/\" rel=\"category tag\">News<\/a><\/div><div itemprop=\"dateCreated\" class=\"edgtf-post-info-date entry-date published updated\">\n            <a itemprop=\"url\" href=\"https:\/\/www.grupo-valco.com\/pt\/2014\/10\/\">\n    \n        outubro 19, 2014        <\/a>\n    <meta itemprop=\"interactionCount\" content=\"UserComments: 0\"\/>\n<\/div>                <\/div>\n            \t\n\t        <div class=\"edgtf-bli-excerpt\">\n\t\t        \t\t<div class=\"edgtf-post-excerpt-holder\">\n\t\t\t<p itemprop=\"description\" class=\"edgtf-post-excerpt\">\n\t\t\t\tO Gurpo-Valco participou no passado dia 19 de Outubro no Color Run Leiria.\u00a0\t\t\t<\/p>\n\t\t<\/div>\n\t\t\t        \t<div class=\"edgtf-post-read-more-button\">\n\t\t<a itemprop=\"url\" href=\"https:\/\/www.grupo-valco.com\/pt\/news-color-run-2014\/\" target=\"_self\" style=\"text-transform: capitalize\" class=\"edgtf-btn edgtf-btn-medium edgtf-btn-simple edgtf-btn-with-arrow edgtf-btn-text-on-hover\"  >            <span class=\"edgtf-btn-text\">Read More<\/span>            <span class=\"edgtf-btn-arrow\">            <svg version=\"1.1\" id=\"btn-arrow-1250920225\" xmlns=\"http:\/\/www.w3.org\/2000\/svg\" xmlns:xlink=\"http:\/\/www.w3.org\/1999\/xlink\" x=\"0px\" y=\"0px\"                 width=\"18px\" height=\"4px\" viewBox=\"0 0 18 4\" enable-background=\"new 0 0 18 4\" xml:space=\"preserve\">            \t<polyline fill=\"none\" stroke=\"#323232\" stroke-miterlimit=\"10\" points=\"0,3.508 16.809,3.508 13.686,0.342 \"\/>            <\/svg>        <\/span>    <\/a>\t<\/div>\n\t        <\/div>\n        <\/div>\n\t<\/div>\n<\/li>\t\t<\/ul>\n\t<\/div>\n\t<\/div>[\/vc_column][\/vc_row]<\/p>\n<p><\/p>","protected":false},"excerpt":{"rendered":"<p>[vc_row parallax_background_image=&#8221;4613&#8243; css=&#8221;.vc_custom_1528811576646{background-position: center !important;background-repeat: no-repeat !important;background-size: cover !important;}&#8221;][vc_column css=&#8221;.vc_custom_1528807738127{margin-top: 0px !important;padding-top: 0px !important;}&#8221;][\/vc_column][\/vc_row][vc_row row_content_width=&#8221;grid&#8221; css=&#8221;.vc_custom_1543311432009{padding-top: 40px !important;padding-bottom: 120px !important;}&#8221; simple_background_color=&#8221;#ffffff&#8221;][vc_column][\/vc_column][\/vc_row]<\/p>\n","protected":false},"author":240,"featured_media":0,"parent":0,"menu_order":0,"comment_status":"closed","ping_status":"closed","template":"full-width.php","meta":[],"aioseo_notices":[],"_links":{"self":[{"href":"https:\/\/www.grupo-valco.com\/pt\/wp-json\/wp\/v2\/pages\/769"}],"collection":[{"href":"https:\/\/www.grupo-valco.com\/pt\/wp-json\/wp\/v2\/pages"}],"about":[{"href":"https:\/\/www.grupo-valco.com\/pt\/wp-json\/wp\/v2\/types\/page"}],"author":[{"embeddable":true,"href":"https:\/\/www.grupo-valco.com\/pt\/wp-json\/wp\/v2\/users\/240"}],"replies":[{"embeddable":true,"href":"https:\/\/www.grupo-valco.com\/pt\/wp-json\/wp\/v2\/comments?post=769"}],"version-history":[{"count":31,"href":"https:\/\/www.grupo-valco.com\/pt\/wp-json\/wp\/v2\/pages\/769\/revisions"}],"predecessor-version":[{"id":7799,"href":"https:\/\/www.grupo-valco.com\/pt\/wp-json\/wp\/v2\/pages\/769\/revisions\/7799"}],"wp:attachment":[{"href":"https:\/\/www.grupo-valco.com\/pt\/wp-json\/wp\/v2\/media?parent=769"}],"curies":[{"name":"wp","href":"https:\/\/api.w.org\/{rel}","templated":true}]}}