{"id":7433,"date":"2019-01-04T08:35:20","date_gmt":"2019-01-04T08:35:20","guid":{"rendered":"https:\/\/www.grupo-valco.com\/?page_id=7433"},"modified":"2019-05-06T14:28:23","modified_gmt":"2019-05-06T14:28:23","slug":"recrutamento","status":"publish","type":"page","link":"https:\/\/www.grupo-valco.com\/pt\/recrutamento\/","title":{"rendered":"Recrutamento"},"content":{"rendered":"<p>[vc_row parallax_background_image=&#8221;4215&#8243; css=&#8221;.vc_custom_1530689597500{background-position: center !important;background-repeat: no-repeat !important;background-size: cover !important;}&#8221;][vc_column css=&#8221;.vc_custom_1528807738127{margin-top: 0px !important;padding-top: 0px !important;}&#8221;]<div class=\"edgtf-elements-holder   edgtf-one-column  edgtf-responsive-mode-768 \" style=\"background-color: rgba(24,24,24,0.3)\"><div class=\"edgtf-eh-item   edgtf-horizontal-alignment-center \"  data-item-class=\"edgtf-eh-custom-1759\" data-1024-1280=\"0px 66px 0 55px\" data-768-1024=\"0px 142px 0 142px\" data-680-768=\"0px 99px 0 99px\" data-680=\"0px 53px 0 53px\">\n\t<div class=\"edgtf-eh-item-inner\">\n\t\t<div class=\"edgtf-eh-item-content edgtf-eh-custom-1759\" style=\"padding: 0px 116px 0 116px\">\n\t\t\t[vc_row_inner row_content_width=&#8221;grid&#8221; el_class=&#8221;small-banner&#8221;][vc_column_inner]<div class=\"edgtf-animation-holder edgtf-element-from-left\" data-animation=\"edgtf-element-from-left\" data-animation-delay=\"\"><div class=\"edgtf-animation-inner\"><div class=\"edgtf-section-title-holder text-title-page edgtf-st-standard  edgtf-st-position-left edgtf-appear-fx\" style=\"text-align: left\">\n\t\t<div class=\"edgtf-st-inner\">\n                    <div class=\"edgtf-st-title-holder\">\n                <h1 class=\"edgtf-st-title\" style=\"color: #ffffff\">\n                    Recrutamento<br \/>                <\/h1>\n            <\/div>\n\t\t\t\t\t<\/div>\n    <\/div><\/div><\/div>[\/vc_column_inner][\/vc_row_inner]\t\t<\/div>\n\t<\/div>\n<\/div><\/div>[\/vc_column][\/vc_row][vc_row row_content_width=&#8221;grid&#8221; css=&#8221;.vc_custom_1530716235356{padding-top: 100px !important;padding-bottom: 100px !important;}&#8221; simple_background_color=&#8221;#ffffff&#8221;][vc_column width=&#8221;1\/6&#8243;][\/vc_column][vc_column width=&#8221;2\/3&#8243;]<div class=\"edgtf-section-title-holder  edgtf-st-standard  edgtf-st-position-left edgtf-appear-fx\" style=\"text-align: center\">\n\t\t<div class=\"edgtf-st-inner\">\n                    <div class=\"edgtf-st-title-holder\">\n                <h2 class=\"edgtf-st-title\" >\n                    Bem-vindos                <\/h2>\n            <\/div>\n\t\t\t\t\t<\/div>\n    <\/div>[vc_empty_space][vc_column_text]<\/p>\n<p style=\"text-align: center;\">Se pretender efetuar a sua candidatura \u00e1s oportunidade do Grupo-Valco dever\u00e1 enviar o seu cv para o Departamento de Recursos Humanos, <strong>atrav\u00e9s do preenchimento do formul\u00e1rio abaixo<\/strong> e envio de curr\u00edculo com fotografia actualizada e carta de apresenta\u00e7\u00e3o.<\/p>\n<p>[\/vc_column_text][\/vc_column][vc_column width=&#8221;1\/6&#8243;][\/vc_column][\/vc_row][vc_row row_content_width=&#8221;grid&#8221; css=&#8221;.vc_custom_1546600545141{padding-top: 40px !important;padding-bottom: 100px !important;}&#8221; simple_background_color=&#8221;#ffffff&#8221;][vc_column]<div class=\"edgtf-section-title-holder  edgtf-st-standard  edgtf-st-position-left edgtf-appear-fx\" >\n\t\t<div class=\"edgtf-st-inner\">\n                    <div class=\"edgtf-st-title-holder\">\n                <h3 class=\"edgtf-st-title\" >\n                    <span class=\"edgtf-st-title-bold\">Oportunidades<\/span> <span class=\"edgtf-st-title-light\">Valco<\/span>                <\/h3>\n            <\/div>\n\t\t\t\t\t<\/div>\n    <\/div>[vc_separator color=&#8221;custom&#8221; align=&#8221;align_left&#8221; accent_color=&#8221;#181818&#8243; css=&#8221;.vc_custom_1546599318742{margin-top: 20px !important;margin-bottom: 40px !important;}&#8221;]<div class=\"edgtf-blog-list-holder edgtf-bl-standard edgtf-bl-three-columns edgtf-large-space edgtf-bl-pag-no-pagination \"  data-type=standard data-number-of-posts=-1 data-number-of-columns=3 data-space-between-items=large data-category=careers data-orderby=date data-order=ASC data-image-size=full data-title-tag=h4 data-excerpt-length=30 data-post-info-section=yes data-post-info-image=no data-post-info-author=yes data-post-info-date=yes data-post-info-category=yes data-post-info-comments=no data-post-info-like=no data-post-info-share=no data-pagination-type=no-pagination data-show-info-on-appear=yes data-enable-parallax-animation=yes data-max-num-pages=0 data-next-page=2>\n\t<div class=\"edgtf-bl-wrapper edgtf-outer-space\">\n\t\t<ul class=\"edgtf-blog-list\">\n\t\t\t<li class=\"edgtf-bl-item edgtf-item-space clearfix\">\n\t<div class=\"edgtf-bli-inner\">\n\t\t        <div class=\"edgtf-bli-content\">\n\t        \n<h4 itemprop=\"name\" class=\"entry-title edgtf-post-title\" >\n            <a itemprop=\"url\" href=\"https:\/\/www.grupo-valco.com\/pt\/careers-mecanico-industrial-2\/\" title=\"Candidatura Espont\u00e2nea\">\n            Candidatura Espont\u00e2nea            <\/a>\n    <\/h4>                <div class=\"edgtf-bli-info\">\n\t                <div class=\"edgtf-post-info-author\">\n    <span class=\"edgtf-post-info-author-text\">\n        by    <\/span>\n    <a itemprop=\"author\" class=\"edgtf-post-info-author-link\" href=\"https:\/\/www.grupo-valco.com\/pt\/author\/gvadmin\/\">\n        GVAdmin    <\/a>\n<\/div><div class=\"edgtf-post-info-category\">\n    <a href=\"https:\/\/www.grupo-valco.com\/pt\/product-category\/careers\/\" rel=\"category tag\">Careers<\/a><\/div><div itemprop=\"dateCreated\" class=\"edgtf-post-info-date entry-date published updated\">\n            <a itemprop=\"url\" href=\"https:\/\/www.grupo-valco.com\/pt\/2019\/01\/\">\n    \n        janeiro 4, 2019        <\/a>\n    <meta itemprop=\"interactionCount\" content=\"UserComments: 0\"\/>\n<\/div>                <\/div>\n            \t\n\t        <div class=\"edgtf-bli-excerpt\">\n\t\t        \t\t<div class=\"edgtf-post-excerpt-holder\">\n\t\t\t<p itemprop=\"description\" class=\"edgtf-post-excerpt\">\n\t\t\t\tPreencha o formul\u00e1rio de candidatura espont\u00e2nea\t\t\t<\/p>\n\t\t<\/div>\n\t\t\t        \t<div class=\"edgtf-post-read-more-button\">\n\t\t<a itemprop=\"url\" href=\"https:\/\/www.grupo-valco.com\/pt\/careers-mecanico-industrial-2\/\" target=\"_self\" style=\"text-transform: capitalize\" class=\"edgtf-btn edgtf-btn-medium edgtf-btn-simple edgtf-btn-with-arrow edgtf-btn-text-on-hover\"  >            <span class=\"edgtf-btn-text\">Read More<\/span>            <span class=\"edgtf-btn-arrow\">            <svg version=\"1.1\" id=\"btn-arrow-805867138\" xmlns=\"http:\/\/www.w3.org\/2000\/svg\" xmlns:xlink=\"http:\/\/www.w3.org\/1999\/xlink\" x=\"0px\" y=\"0px\"                 width=\"18px\" height=\"4px\" viewBox=\"0 0 18 4\" enable-background=\"new 0 0 18 4\" xml:space=\"preserve\">            \t<polyline fill=\"none\" stroke=\"#323232\" stroke-miterlimit=\"10\" points=\"0,3.508 16.809,3.508 13.686,0.342 \"\/>            <\/svg>        <\/span>    <\/a>\t<\/div>\n\t        <\/div>\n        <\/div>\n\t<\/div>\n<\/li><li class=\"edgtf-bl-item edgtf-item-space clearfix\">\n\t<div class=\"edgtf-bli-inner\">\n\t\t        <div class=\"edgtf-bli-content\">\n\t        \n<h4 itemprop=\"name\" class=\"entry-title edgtf-post-title\" >\n            <a itemprop=\"url\" href=\"https:\/\/www.grupo-valco.com\/pt\/careers-mecanico-industrial\/\" title=\"Mec\u00e2nico Industrial\">\n            Mec\u00e2nico Industrial            <\/a>\n    <\/h4>                <div class=\"edgtf-bli-info\">\n\t                <div class=\"edgtf-post-info-author\">\n    <span class=\"edgtf-post-info-author-text\">\n        by    <\/span>\n    <a itemprop=\"author\" class=\"edgtf-post-info-author-link\" href=\"https:\/\/www.grupo-valco.com\/pt\/author\/gvadmin\/\">\n        GVAdmin    <\/a>\n<\/div><div class=\"edgtf-post-info-category\">\n    <a href=\"https:\/\/www.grupo-valco.com\/pt\/product-category\/careers\/\" rel=\"category tag\">Careers<\/a><\/div><div itemprop=\"dateCreated\" class=\"edgtf-post-info-date entry-date published updated\">\n            <a itemprop=\"url\" href=\"https:\/\/www.grupo-valco.com\/pt\/2023\/06\/\">\n    \n        junho 9, 2023        <\/a>\n    <meta itemprop=\"interactionCount\" content=\"UserComments: 0\"\/>\n<\/div>                <\/div>\n            \t\n\t        <div class=\"edgtf-bli-excerpt\">\n\t\t        \t\t<div class=\"edgtf-post-excerpt-holder\">\n\t\t\t<p itemprop=\"description\" class=\"edgtf-post-excerpt\">\n\t\t\t\tMec\u00e2nico Industrial \u2013 Grupo-Valco\r\nCaranguejeira \u2013 Leiria\t\t\t<\/p>\n\t\t<\/div>\n\t\t\t        \t<div class=\"edgtf-post-read-more-button\">\n\t\t<a itemprop=\"url\" href=\"https:\/\/www.grupo-valco.com\/pt\/careers-mecanico-industrial\/\" target=\"_self\" style=\"text-transform: capitalize\" class=\"edgtf-btn edgtf-btn-medium edgtf-btn-simple edgtf-btn-with-arrow edgtf-btn-text-on-hover\"  >            <span class=\"edgtf-btn-text\">Read More<\/span>            <span class=\"edgtf-btn-arrow\">            <svg version=\"1.1\" id=\"btn-arrow-1397203577\" xmlns=\"http:\/\/www.w3.org\/2000\/svg\" xmlns:xlink=\"http:\/\/www.w3.org\/1999\/xlink\" x=\"0px\" y=\"0px\"                 width=\"18px\" height=\"4px\" viewBox=\"0 0 18 4\" enable-background=\"new 0 0 18 4\" xml:space=\"preserve\">            \t<polyline fill=\"none\" stroke=\"#323232\" stroke-miterlimit=\"10\" points=\"0,3.508 16.809,3.508 13.686,0.342 \"\/>            <\/svg>        <\/span>    <\/a>\t<\/div>\n\t        <\/div>\n        <\/div>\n\t<\/div>\n<\/li><li class=\"edgtf-bl-item edgtf-item-space clearfix\">\n\t<div class=\"edgtf-bli-inner\">\n\t\t        <div class=\"edgtf-bli-content\">\n\t        \n<h4 itemprop=\"name\" class=\"entry-title edgtf-post-title\" >\n            <a itemprop=\"url\" href=\"https:\/\/www.grupo-valco.com\/pt\/full-stack-developer-2\/\" title=\"Full Stack Java Developer\">\n            Full Stack Java Developer            <\/a>\n    <\/h4>                <div class=\"edgtf-bli-info\">\n\t                <div class=\"edgtf-post-info-author\">\n    <span class=\"edgtf-post-info-author-text\">\n        by    <\/span>\n    <a itemprop=\"author\" class=\"edgtf-post-info-author-link\" href=\"https:\/\/www.grupo-valco.com\/pt\/author\/gvadmin\/\">\n        GVAdmin    <\/a>\n<\/div><div class=\"edgtf-post-info-category\">\n    <a href=\"https:\/\/www.grupo-valco.com\/pt\/product-category\/careers\/\" rel=\"category tag\">Careers<\/a><\/div><div itemprop=\"dateCreated\" class=\"edgtf-post-info-date entry-date published updated\">\n            <a itemprop=\"url\" href=\"https:\/\/www.grupo-valco.com\/pt\/2024\/12\/\">\n    \n        dezembro 2, 2024        <\/a>\n    <meta itemprop=\"interactionCount\" content=\"UserComments: 0\"\/>\n<\/div>                <\/div>\n            \t\n\t        <div class=\"edgtf-bli-excerpt\">\n\t\t        \t\t<div class=\"edgtf-post-excerpt-holder\">\n\t\t\t<p itemprop=\"description\" class=\"edgtf-post-excerpt\">\n\t\t\t\tFull Stack Java Developer \u2013 Grupo-Valco\r\nCaranguejeira \u2013 Leiria\t\t\t<\/p>\n\t\t<\/div>\n\t\t\t        \t<div class=\"edgtf-post-read-more-button\">\n\t\t<a itemprop=\"url\" href=\"https:\/\/www.grupo-valco.com\/pt\/full-stack-developer-2\/\" target=\"_self\" style=\"text-transform: capitalize\" class=\"edgtf-btn edgtf-btn-medium edgtf-btn-simple edgtf-btn-with-arrow edgtf-btn-text-on-hover\"  >            <span class=\"edgtf-btn-text\">Read More<\/span>            <span class=\"edgtf-btn-arrow\">            <svg version=\"1.1\" id=\"btn-arrow-565702825\" xmlns=\"http:\/\/www.w3.org\/2000\/svg\" xmlns:xlink=\"http:\/\/www.w3.org\/1999\/xlink\" x=\"0px\" y=\"0px\"                 width=\"18px\" height=\"4px\" viewBox=\"0 0 18 4\" enable-background=\"new 0 0 18 4\" xml:space=\"preserve\">            \t<polyline fill=\"none\" stroke=\"#323232\" stroke-miterlimit=\"10\" points=\"0,3.508 16.809,3.508 13.686,0.342 \"\/>            <\/svg>        <\/span>    <\/a>\t<\/div>\n\t        <\/div>\n        <\/div>\n\t<\/div>\n<\/li>\t\t<\/ul>\n\t<\/div>\n\t<\/div>[\/vc_column][\/vc_row][vc_row row_content_width=&#8221;grid&#8221; content_text_aligment=&#8221;left&#8221; css=&#8221;.vc_custom_1546600897908{padding-top: 100px !important;padding-bottom: 100px !important;}&#8221; simple_background_color=&#8221;#f9f9f9&#8243;][vc_column width=&#8221;1\/6&#8243;][\/vc_column][vc_column width=&#8221;2\/3&#8243;]<div class=\"edgtf-section-title-holder  edgtf-st-standard  edgtf-st-position-left edgtf-appear-fx\" style=\"text-align: center\">\n\t\t<div class=\"edgtf-st-inner\">\n                    <div class=\"edgtf-st-title-holder\">\n                <h3 class=\"edgtf-st-title\" >\n                    <span class=\"edgtf-st-title-light\">Fa\u00e7a<\/span> <span class=\"edgtf-st-title-light\">parte<\/span> <span class=\"edgtf-st-title-light\">da<\/span> <span class=\"edgtf-st-title-light\">nossa<\/span> <span class=\"edgtf-st-title-light\">equipa<\/span>                <\/h3>\n            <\/div>\n\t\t\t\t            <div class=\"edgtf-st-text-holder\">\n    \t\t\t<h6 class=\"edgtf-st-text\" style=\"margin-top: 0px\">\n    \t\t\t\tPreencha o formul\u00e1rio...    \t\t\t<\/h6>\n            <\/div>\n\t\t\t<\/div>\n    <\/div>[vc_empty_space height=&#8221;60px&#8221;]\n<div class=\"wpcf7 no-js\" id=\"wpcf7-f7434-o1\" lang=\"en-US\" dir=\"ltr\">\n<div class=\"screen-reader-response\"><p role=\"status\" aria-live=\"polite\" aria-atomic=\"true\"><\/p> <ul><\/ul><\/div>\n<form action=\"\/pt\/wp-json\/wp\/v2\/pages\/7433#wpcf7-f7434-o1\" method=\"post\" class=\"wpcf7-form init cf7_custom_style_3\" aria-label=\"Contact form\" enctype=\"multipart\/form-data\" novalidate=\"novalidate\" data-status=\"init\">\n<div style=\"display: none;\">\n<input type=\"hidden\" name=\"_wpcf7\" value=\"7434\" \/>\n<input type=\"hidden\" name=\"_wpcf7_version\" value=\"5.8.5\" \/>\n<input type=\"hidden\" name=\"_wpcf7_locale\" value=\"en_US\" \/>\n<input type=\"hidden\" name=\"_wpcf7_unit_tag\" value=\"wpcf7-f7434-o1\" \/>\n<input type=\"hidden\" name=\"_wpcf7_container_post\" value=\"0\" \/>\n<input type=\"hidden\" name=\"_wpcf7_posted_data_hash\" value=\"\" \/>\n<input type=\"hidden\" name=\"_wpcf7_recaptcha_response\" value=\"\" \/>\n<\/div>\n<div class=\"edgt-cf7-wrapper edgtf-custom-form\">\n\t<div class=\"edgtf-grid-row\">\n\t\t<div class=\"edgtf-grid-col-12\">\n\t\t\t<p><span class=\"wpcf7-form-control-wrap\" data-name=\"your-name\"><input size=\"40\" class=\"wpcf7-form-control wpcf7-text wpcf7-validates-as-required\" aria-required=\"true\" aria-invalid=\"false\" placeholder=\"Nome*\" value=\"\" type=\"text\" name=\"your-name\" \/><\/span>\n\t\t\t<\/p>\n\t\t<\/div>\n\t<\/div>\n\t<div class=\"edgtf-grid-row\">\n\t\t<div class=\"edgtf-grid-col-12\">\n\t\t\t<p><span class=\"wpcf7-form-control-wrap\" data-name=\"your-email\"><input size=\"40\" class=\"wpcf7-form-control wpcf7-text wpcf7-validates-as-required\" aria-required=\"true\" aria-invalid=\"false\" placeholder=\"Email*\" value=\"\" type=\"text\" name=\"your-email\" \/><\/span>\n\t\t\t<\/p>\n\t\t<\/div>\n\t<\/div>\n\t<div class=\"edgtf-grid-row\">\n\t\t<div class=\"edgtf-grid-col-12\">\n\t\t\t<p><span class=\"wpcf7-form-control-wrap jobs-offer\"><select class=\"wpcf7-form-control wpcf7-select post\" id=\"recrutamentoValco\" aria-required=\"true\" aria-invalid=\"false\" allow-clear=\"true\" search-box=\"false\" name=\"jobs-offer\" placeholder=\"&mdash; Select &mdash;\"><option value=\"\" data-id=\"-1\">&mdash; Select &mdash;<\/option><option value=\"Full Stack Java Developer\" data-id=\"8676\">Full Stack Java Developer<\/option><option value=\"Mec\u00e2nico Industrial\" data-id=\"7438\">Mec\u00e2nico Industrial<\/option><option value=\"Candidatura Espont\u00e2nea\" data-id=\"7492\">Candidatura Espont\u00e2nea<\/option><\/select><\/span>\n\t\t\t<\/p>\n\t\t<\/div>\n\t<\/div>\n\t<div class=\"edgtf-grid-row\">\n\t\t<div class=\"edgtf-grid-col-12\">\n\t\t\t<div class=\"file-careers\">\n\t\t\t\t<p><span class=\"wpcf7-form-control-wrap\" data-name=\"Upload-file-text\"><input size=\"40\" class=\"wpcf7-form-control wpcf7-text\" id=\"upload-file-text\" readonly=\"readonly\" aria-invalid=\"false\" placeholder=\"Upload CV (.pdf\/ .doc\/ .docx)\" value=\"\" type=\"text\" name=\"Upload-file-text\" \/><\/span><button class='input-btn' type='button' id='input_btn'>+<\/button>\n\t\t\t\t<\/p>\n\t\t\t<\/div>\n\t\t\t<p class=\"legenda-contact\">Limite m\u00e1ximo de upload: 5MB.\n\t\t\t<\/p>\n\t\t\t<div class=\"file-careers\">\n\t\t\t\t<p><span class=\"wpcf7-form-control-wrap\" data-name=\"file-curriculum\"><input size=\"40\" class=\"wpcf7-form-control wpcf7-file wpcf7-validates-as-required input-file\" id=\"input_file\" accept=\".pdf,.doc,.docx\" aria-required=\"true\" aria-invalid=\"false\" type=\"file\" name=\"file-curriculum\" \/><\/span>\n\t\t\t\t<\/p>\n\t\t\t<\/div>\n\t\t<\/div>\n\t<\/div>\n\t<div class=\"edgtf-grid-row\">\n\t\t<div class=\"edgtf-grid-col-12\" style=\"margin-bottom:20px;text-align: left;\">\n\t\t\t<p><span class=\"wpcf7-form-control-wrap\" data-name=\"gdpr-acceptance\"><span class=\"wpcf7-form-control wpcf7-acceptance\"><span class=\"wpcf7-list-item\"><label><input type=\"checkbox\" name=\"gdpr-acceptance\" value=\"1\" aria-invalid=\"false\" \/><span class=\"wpcf7-list-item-label\">Li e aceito a <a href=\"\/politica-de-privacidade\/\" target=\"_blank\">Pol\u00edtica de Privacidade e Condi\u00e7\u00f5es de Utiliza\u00e7\u00e3o*<\/a>;<\/span><\/label><\/span><\/span><\/span>\n\t\t\t<\/p>\n\t\t<\/div>\n\t<\/div>\n\t<div class=\"edgtf-grid-col-12\">\n\t\t<p><input class=\"wpcf7-form-control wpcf7-submit has-spinner\" type=\"submit\" value=\"Enviar\" \/>\n\t\t<\/p>\n\t<\/div>\n<\/div><div class=\"wpcf7-response-output\" aria-hidden=\"true\"><\/div>\n<\/form>\n<\/div>\n[\/vc_column][vc_column width=&#8221;1\/6&#8243;][\/vc_column][\/vc_row]<\/p>","protected":false},"excerpt":{"rendered":"<p>[vc_row parallax_background_image=&#8221;4215&#8243; css=&#8221;.vc_custom_1530689597500{background-position: center !important;background-repeat: no-repeat !important;background-size: cover !important;}&#8221;][vc_column css=&#8221;.vc_custom_1528807738127{margin-top: 0px !important;padding-top: 0px !important;}&#8221;][\/vc_column][\/vc_row][vc_row row_content_width=&#8221;grid&#8221; css=&#8221;.vc_custom_1530716235356{padding-top: 100px !important;padding-bottom: 100px !important;}&#8221; simple_background_color=&#8221;#ffffff&#8221;][vc_column width=&#8221;1\/6&#8243;][\/vc_column][vc_column width=&#8221;2\/3&#8243;][vc_empty_space][vc_column_text] Se pretender efetuar a sua candidatura \u00e1s oportunidade do Grupo-Valco dever\u00e1 enviar o seu cv para o [&hellip;]<\/p>\n","protected":false},"author":240,"featured_media":0,"parent":0,"menu_order":0,"comment_status":"closed","ping_status":"closed","template":"full-width.php","meta":[],"aioseo_notices":[],"_links":{"self":[{"href":"https:\/\/www.grupo-valco.com\/pt\/wp-json\/wp\/v2\/pages\/7433"}],"collection":[{"href":"https:\/\/www.grupo-valco.com\/pt\/wp-json\/wp\/v2\/pages"}],"about":[{"href":"https:\/\/www.grupo-valco.com\/pt\/wp-json\/wp\/v2\/types\/page"}],"author":[{"embeddable":true,"href":"https:\/\/www.grupo-valco.com\/pt\/wp-json\/wp\/v2\/users\/240"}],"replies":[{"embeddable":true,"href":"https:\/\/www.grupo-valco.com\/pt\/wp-json\/wp\/v2\/comments?post=7433"}],"version-history":[{"count":24,"href":"https:\/\/www.grupo-valco.com\/pt\/wp-json\/wp\/v2\/pages\/7433\/revisions"}],"predecessor-version":[{"id":8427,"href":"https:\/\/www.grupo-valco.com\/pt\/wp-json\/wp\/v2\/pages\/7433\/revisions\/8427"}],"wp:attachment":[{"href":"https:\/\/www.grupo-valco.com\/pt\/wp-json\/wp\/v2\/media?parent=7433"}],"curies":[{"name":"wp","href":"https:\/\/api.w.org\/{rel}","templated":true}]}}