{"id":6713,"date":"2018-12-05T15:31:16","date_gmt":"2018-12-05T15:31:16","guid":{"rendered":"https:\/\/www.grupo-valco.com\/?page_id=6713"},"modified":"2019-01-03T08:08:21","modified_gmt":"2019-01-03T08:08:21","slug":"politica-de-privacidade","status":"publish","type":"page","link":"https:\/\/www.grupo-valco.com\/pt\/politica-de-privacidade\/","title":{"rendered":"Pol\u00edtica de Privacidade"},"content":{"rendered":"<p>[vc_row row_content_width=&#8221;grid&#8221; css=&#8221;.vc_custom_1544024808330{padding-top: 14% !important;padding-bottom: 0px !important;background-color: #ffffff !important;}&#8221;][vc_column]<div class=\"edgtf-section-title-holder  edgtf-st-standard  edgtf-st-position-left edgtf-appear-fx\" style=\"text-align: left\">\n\t\t<div class=\"edgtf-st-inner\">\n                    <div class=\"edgtf-st-title-holder\">\n                <h3 class=\"edgtf-st-title\" >\n                    <span class=\"edgtf-st-title-bold\">Pol\u00edtica<\/span> <span class=\"edgtf-st-title-bold\">de<\/span> <span class=\"edgtf-st-title-bold\">Privacidade<\/span> <span class=\"edgtf-st-title-light\">e<\/span> <span class=\"edgtf-st-title-light\">Condi\u00e7\u00f5es<\/span> <span class=\"edgtf-st-title-light\">de<\/span> <span class=\"edgtf-st-title-light\">utiliza\u00e7\u00e3o<\/span>                <\/h3>\n            <\/div>\n\t\t\t\t            <div class=\"edgtf-st-text-holder\">\n    \t\t\t<h6 class=\"edgtf-st-text\" >\n    \t\t\t\t<br \/>\n    \t\t\t<\/h6>\n            <\/div>\n\t\t\t<\/div>\n    <\/div>[\/vc_column][\/vc_row][vc_row row_content_width=&#8221;grid&#8221; css=&#8221;.vc_custom_1544024702482{margin-top: 0px !important;padding-top: 0px !important;background-color: #ffffff !important;}&#8221;][vc_column]<div class=\"edgtf-section-title-holder  edgtf-st-standard  edgtf-st-position-left edgtf-appear-fx\" >\n\t\t<div class=\"edgtf-st-inner\">\n                    <div class=\"edgtf-st-title-holder\">\n                <h5 class=\"edgtf-st-title\" >\n                    <span class=\"edgtf-st-title-bold\">Quem<\/span> <span class=\"edgtf-st-title-bold\">somos?<\/span>                <\/h5>\n            <\/div>\n\t\t\t\t\t<\/div>\n    <\/div>[vc_column_text]O Grupo Valco \u00e9 uma sociedade an\u00f3nima com sede em Rua das Industrias, n\u00ba 53 que se dedica \u00e0 transforma\u00e7\u00e3o da madeira e derivados para fabrica\u00e7\u00e3o de portas, roupeiros e produtos similares. Registada na Conservat\u00f3ria de Registo Comercial de Leiria com o n\u00ba 474 e com n.\u00ba de pessoa coletiva 500 055 734 integra as empresas do Grupo Valco.<\/p>\n<p>Esta Pol\u00edtica de Privacidade aplica-se exclusivamente \u00e0 recolha e tratamento de dados pessoais efetuados pelas Empresas do Grupo Valco e \u00e9 complementar aos termos e condi\u00e7\u00f5es mencionados em contratos de fornecimento, presta\u00e7\u00e3o de servi\u00e7os ou outros similares.<\/p>\n<p>[\/vc_column_text][vc_empty_space]<div class=\"edgtf-section-title-holder  edgtf-st-standard  edgtf-st-position-left edgtf-appear-fx\" >\n\t\t<div class=\"edgtf-st-inner\">\n                    <div class=\"edgtf-st-title-holder\">\n                <h5 class=\"edgtf-st-title\" >\n                    <span class=\"edgtf-st-title-bold\">\u00c2mbito<\/span>                <\/h5>\n            <\/div>\n\t\t\t\t\t<\/div>\n    <\/div>[vc_column_text]O novo Regulamento Geral de Prote\u00e7\u00e3o de Dados (RGPD), aprovado pelo Parlamento Europeu em maio de 2016, entra em vigor a partir de 25 de maio de 2018. O Grupo Valco est\u00e1 empenhado em proteger a privacidade dos seus clientes e dos utilizadores das suas plataformas digitais com o objetivo de firmar o seu compromisso com a privacidade e prote\u00e7\u00e3o dos dados pessoais e ter uma conduta no estrito respeito e cumprimento da Lei de Prote\u00e7\u00e3o de Dados Pessoais.[\/vc_column_text][vc_empty_space]<div class=\"edgtf-section-title-holder  edgtf-st-standard  edgtf-st-position-left edgtf-appear-fx\" >\n\t\t<div class=\"edgtf-st-inner\">\n                    <div class=\"edgtf-st-title-holder\">\n                <h5 class=\"edgtf-st-title\" >\n                    <span class=\"edgtf-st-title-bold\">Delegado<\/span> <span class=\"edgtf-st-title-bold\">para<\/span> <span class=\"edgtf-st-title-bold\">a<\/span> <span class=\"edgtf-st-title-bold\">Prote\u00e7\u00e3o<\/span> <span class=\"edgtf-st-title-bold\">dos<\/span> <span class=\"edgtf-st-title-bold\">Dados<\/span> <span class=\"edgtf-st-title-bold\">Pessoais<\/span>                <\/h5>\n            <\/div>\n\t\t\t\t\t<\/div>\n    <\/div>[vc_column_text]O Grupo Valco nomeou para Delegado para a Prote\u00e7\u00e3o dos Dados Pessoais o respons\u00e1vel do Departamento de IT. \u00c9 compet\u00eancia do nosso Delegado de Prote\u00e7\u00e3o dos Dados Pessoais assegurar a implementa\u00e7\u00e3o e monitoriza\u00e7\u00e3o desta Pol\u00edtica de Privacidade, definir regras claras de tratamento de dados pessoais, agir em fun\u00e7\u00e3o das novas diretrizes comunit\u00e1rias no que ao RGPD diz respeito e esclarecer clientes, parceiros e utilizadores sobre os seus direitos nesta mat\u00e9ria.<\/p>\n<p>[\/vc_column_text][vc_column_text]<span style=\"font-weight: 500;\">Servi\u00e7o de apoio ao cliente do Grupo Valco <\/span><br \/>\nLinha telef\u00f3nica: 00351 244 730 130<br \/>\n<a href=\"helpdesk@grupo-valco.com\">helpdesk@grupo-valco.com<\/a><\/p>\n<p>[\/vc_column_text][vc_empty_space]<div class=\"edgtf-section-title-holder  edgtf-st-standard  edgtf-st-position-left edgtf-appear-fx\" >\n\t\t<div class=\"edgtf-st-inner\">\n                    <div class=\"edgtf-st-title-holder\">\n                <h5 class=\"edgtf-st-title\" >\n                    <span class=\"edgtf-st-title-bold\">O<\/span> <span class=\"edgtf-st-title-bold\">que<\/span> <span class=\"edgtf-st-title-bold\">s\u00e3o<\/span> <span class=\"edgtf-st-title-bold\">dados<\/span> <span class=\"edgtf-st-title-bold\">pessoais?<\/span>                <\/h5>\n            <\/div>\n\t\t\t\t\t<\/div>\n    <\/div>[vc_column_text]Qualquer informa\u00e7\u00e3o relativa a uma pessoa singular identificada ou identific\u00e1vel, direta ou indiretamente.[\/vc_column_text][vc_empty_space]<div class=\"edgtf-section-title-holder  edgtf-st-standard  edgtf-st-position-left edgtf-appear-fx\" >\n\t\t<div class=\"edgtf-st-inner\">\n                    <div class=\"edgtf-st-title-holder\">\n                <h5 class=\"edgtf-st-title\" >\n                    <span class=\"edgtf-st-title-bold\">Tipo<\/span> <span class=\"edgtf-st-title-bold\">de<\/span> <span class=\"edgtf-st-title-bold\">dados<\/span> <span class=\"edgtf-st-title-bold\">pessoais<\/span> <span class=\"edgtf-st-title-bold\">que<\/span> <span class=\"edgtf-st-title-bold\">recolhemos,<\/span> <span class=\"edgtf-st-title-bold\">de<\/span> <span class=\"edgtf-st-title-bold\">que<\/span> <span class=\"edgtf-st-title-bold\">forma<\/span> <span class=\"edgtf-st-title-bold\">e<\/span> <span class=\"edgtf-st-title-bold\">com<\/span> <span class=\"edgtf-st-title-bold\">que<\/span> <span class=\"edgtf-st-title-bold\">objetivo<\/span>                <\/h5>\n            <\/div>\n\t\t\t\t\t<\/div>\n    <\/div>[vc_column_text]Recolhemos dados pessoais aquando do registo no nosso website, quando solicita um produto, servi\u00e7o ou informa\u00e7\u00e3o, apresenta uma reclama\u00e7\u00e3o ou fornece uma opini\u00e3o.<\/p>\n<p>O Grupo Valco procede \u00e0 recolha dos dados pessoais necess\u00e1rios \u00e0 sua atividade, normalmente para gest\u00e3o da rela\u00e7\u00e3o contratual de fornecimento de produtos e presta\u00e7\u00e3o de servi\u00e7os e assist\u00eancia ao cliente, tratando nesse \u00e2mbito dados como o nome, a morada, o n\u00famero de telefone, o endere\u00e7o de correio eletr\u00f3nico, n.\u00ba contribuinte e dados relacionados com o hist\u00f3rico de compra.<\/p>\n<p>Podemos tamb\u00e9m recolher os seus dados para divulgar novos produtos, servi\u00e7os, ofertas especiais ou outra informa\u00e7\u00e3o que acreditamos ser do seu interesse. \u00c9 garantido ao titular dos dados, o direito de acesso, atualiza\u00e7\u00e3o, retifica\u00e7\u00e3o e remo\u00e7\u00e3o. Para tal aceda <a href=\"\/account\/\"> aqui<\/a>.[\/vc_column_text][vc_empty_space]<div class=\"edgtf-section-title-holder  edgtf-st-standard  edgtf-st-position-left edgtf-appear-fx\" >\n\t\t<div class=\"edgtf-st-inner\">\n                    <div class=\"edgtf-st-title-holder\">\n                <h5 class=\"edgtf-st-title\" >\n                    <span class=\"edgtf-st-title-bold\">Tempo<\/span> <span class=\"edgtf-st-title-bold\">de<\/span> <span class=\"edgtf-st-title-bold\">armazenamento<\/span>                <\/h5>\n            <\/div>\n\t\t\t\t\t<\/div>\n    <\/div>[vc_column_text]Sempre que n\u00e3o existam requisitos legais definidos, os dados ser\u00e3o armazenados pelo per\u00edodo m\u00ednimo necess\u00e1rio para concretiza\u00e7\u00e3o do objetivo que motivou a sua recolha.<\/p>\n<p>&nbsp;<\/p>\n<p>Para efeitos de marketing e assist\u00eancia ao cliente os seus dados ser\u00e3o conservados at\u00e9 10 anos ap\u00f3s o seu consentimento ou o seu \u00faltimo contacto. Durante este per\u00edodo, pode anular o consentimento <a href=\"\/account\/\">aqui<\/a>.[\/vc_column_text][vc_empty_space][\/vc_column][\/vc_row][vc_row row_content_width=&#8221;grid&#8221; anchor=&#8221;cookies&#8221; css=&#8221;.vc_custom_1527080582682{background-color: #ffffff !important;}&#8221;][vc_column]<div class=\"edgtf-section-title-holder  edgtf-st-standard  edgtf-st-position-left edgtf-appear-fx\" >\n\t\t<div class=\"edgtf-st-inner\">\n                    <div class=\"edgtf-st-title-holder\">\n                <h5 class=\"edgtf-st-title\" >\n                    <span class=\"edgtf-st-title-bold\">Cookies<\/span>                <\/h5>\n            <\/div>\n\t\t\t\t\t<\/div>\n    <\/div>[vc_column_text]\u201cCookies\u201d s\u00e3o pequenas etiquetas de software armazenadas no seu computador atrav\u00e9s do navegador (browser) e que permitem otimizar a sua experi\u00eancia de navega\u00e7\u00e3o e analisar a utiliza\u00e7\u00e3o global do website.<\/p>\n<p>Os cookies s\u00e3o utilizados pelo Grupo Valco para:<br \/>\n1. Recolher endere\u00e7os IP dos utilizadores. Desta forma, podemos personalizar as suas prefer\u00eancias de utiliza\u00e7\u00e3o;<br \/>\n2. Obter informa\u00e7\u00e3o estat\u00edstica acerca do website, por exemplo, distinguir novos utilizadores de utilizadores regulares.<\/p>\n<p>Pode limitar ou restringir a admiss\u00e3o de cookies atrav\u00e9s das op\u00e7\u00f5es do seu navegador.[\/vc_column_text][vc_empty_space]<div class=\"edgtf-section-title-holder  edgtf-st-standard  edgtf-st-position-left edgtf-appear-fx\" >\n\t\t<div class=\"edgtf-st-inner\">\n                    <div class=\"edgtf-st-title-holder\">\n                <h5 class=\"edgtf-st-title\" >\n                    <span class=\"edgtf-st-title-bold\">Seguran\u00e7a<\/span> <span class=\"edgtf-st-title-bold\">dos<\/span> <span class=\"edgtf-st-title-bold\">dados<\/span>                <\/h5>\n            <\/div>\n\t\t\t\t\t<\/div>\n    <\/div>[vc_column_text]Com o objetivo de assegurar a seguran\u00e7a e integridade dos dados fornecidos pelos utilizadores do nosso website e plataformas digitais, implement\u00e1mos medidas a n\u00edvel tecnol\u00f3gico e organizacional que nos ajudam manter a informa\u00e7\u00e3o segura e atualizada.<\/p>\n<p>Os dados consultados e os voluntariamente submetidos pelo utilizador s\u00e3o encriptados e armazenados de forma segura, sujeitos \u00e0s medidas de seguran\u00e7a que consideramos fundamentais para sua prote\u00e7\u00e3o.<\/p>\n<p>Apesar de todas as medidas estarem a ser tomadas, relembramos os nossos utilizadores da import\u00e2ncia de ter o seu PC e browser atualizado, \u2018patches\u2019 de seguran\u00e7a configurados, firewall ativa, antiv\u00edrus e anti-spyware e certificar-se da autenticidade dos websites em que navega.<\/p>\n<p>[\/vc_column_text][vc_empty_space]<div class=\"edgtf-section-title-holder  edgtf-st-standard  edgtf-st-position-left edgtf-appear-fx\" >\n\t\t<div class=\"edgtf-st-inner\">\n                    <div class=\"edgtf-st-title-holder\">\n                <h5 class=\"edgtf-st-title\" >\n                    <span class=\"edgtf-st-title-bold\">Ced\u00eancia<\/span> <span class=\"edgtf-st-title-bold\">de<\/span> <span class=\"edgtf-st-title-bold\">dados<\/span> <span class=\"edgtf-st-title-bold\">a<\/span> <span class=\"edgtf-st-title-bold\">terceiros<\/span>                <\/h5>\n            <\/div>\n\t\t\t\t\t<\/div>\n    <\/div>[vc_column_text]Em determinadas situa\u00e7\u00f5es o Grupo Valco poder\u00e1 ceder dados pessoais a terceiras empresas para que estas proporcionem servi\u00e7os em nosso nome. Quando tal acontece averiguamos a idoneidade destas entidades e as garantias que oferecem a este n\u00edvel, formalizando todas as condi\u00e7\u00f5es em contrato com a referida entidade. O Grupo Valco somente disponibiliza os dados estritamente necess\u00e1rios e ser\u00e1 sempre respons\u00e1vel pelos dados que disponibiliza.<\/p>\n<p>Adicionalmente, podemos ter de ceder dados pessoais para fazer cumprir a lei, proteger ou defender os direitos de propriedade do Grupo Valco ou atuar em situa\u00e7\u00f5es urgentes de prote\u00e7\u00e3o e seguran\u00e7a dos dados dos nossos utilizadores, clientes e p\u00fablico.[\/vc_column_text][vc_empty_space]<div class=\"edgtf-section-title-holder  edgtf-st-standard  edgtf-st-position-left edgtf-appear-fx\" >\n\t\t<div class=\"edgtf-st-inner\">\n                    <div class=\"edgtf-st-title-holder\">\n                <h5 class=\"edgtf-st-title\" >\n                    <span class=\"edgtf-st-title-bold\">Altera\u00e7\u00f5es<\/span> <span class=\"edgtf-st-title-bold\">\u00e0<\/span> <span class=\"edgtf-st-title-bold\">Pol\u00edtica<\/span> <span class=\"edgtf-st-title-bold\">de<\/span> <span class=\"edgtf-st-title-bold\">privacidade<\/span>                <\/h5>\n            <\/div>\n\t\t\t\t\t<\/div>\n    <\/div>[vc_column_text]O Grupo Valco reserva-se no direito de atualizar esta Pol\u00edtica de Privacidade a qualquer momento. A utiliza\u00e7\u00e3o do servi\u00e7o constitui a aceita\u00e7\u00e3o destes termos e de quaisquer atualiza\u00e7\u00f5es. Como tal, reveja periodicamente esta Pol\u00edtica de Privacidade.<\/p>\n<p>Se tiver alguma d\u00favida acerca desta pol\u00edtica de privacidade ou da nossa utiliza\u00e7\u00e3o dos seus dados pessoais poder\u00e1 contactar o nosso Encarregado da Prote\u00e7\u00e3o de Dados <a href=\"mailto:helpdesk@grupo-valco.com?Subject=Pol\u00edtica%20Privacidade\">aqui.<\/a><\/p>\n<p>[\/vc_column_text][vc_empty_space height=&#8221;120px&#8221;][\/vc_column][\/vc_row]<\/p>\n","protected":false},"excerpt":{"rendered":"<p>[vc_row row_content_width=&#8221;grid&#8221; css=&#8221;.vc_custom_1544024808330{padding-top: 14% !important;padding-bottom: 0px !important;background-color: #ffffff !important;}&#8221;][vc_column][\/vc_column][\/vc_row][vc_row row_content_width=&#8221;grid&#8221; css=&#8221;.vc_custom_1544024702482{margin-top: 0px !important;padding-top: 0px !important;background-color: #ffffff !important;}&#8221;][vc_column][vc_column_text]O Grupo Valco \u00e9 uma sociedade an\u00f3nima com sede em Rua das Industrias, n\u00ba 53 que se dedica \u00e0 transforma\u00e7\u00e3o da madeira e derivados [&hellip;]<\/p>\n","protected":false},"author":1,"featured_media":0,"parent":0,"menu_order":0,"comment_status":"closed","ping_status":"closed","template":"full-width.php","meta":[],"aioseo_notices":[],"_links":{"self":[{"href":"https:\/\/www.grupo-valco.com\/pt\/wp-json\/wp\/v2\/pages\/6713"}],"collection":[{"href":"https:\/\/www.grupo-valco.com\/pt\/wp-json\/wp\/v2\/pages"}],"about":[{"href":"https:\/\/www.grupo-valco.com\/pt\/wp-json\/wp\/v2\/types\/page"}],"author":[{"embeddable":true,"href":"https:\/\/www.grupo-valco.com\/pt\/wp-json\/wp\/v2\/users\/1"}],"replies":[{"embeddable":true,"href":"https:\/\/www.grupo-valco.com\/pt\/wp-json\/wp\/v2\/comments?post=6713"}],"version-history":[{"count":9,"href":"https:\/\/www.grupo-valco.com\/pt\/wp-json\/wp\/v2\/pages\/6713\/revisions"}],"predecessor-version":[{"id":7399,"href":"https:\/\/www.grupo-valco.com\/pt\/wp-json\/wp\/v2\/pages\/6713\/revisions\/7399"}],"wp:attachment":[{"href":"https:\/\/www.grupo-valco.com\/pt\/wp-json\/wp\/v2\/media?parent=6713"}],"curies":[{"name":"wp","href":"https:\/\/api.w.org\/{rel}","templated":true}]}}