{"id":1038,"date":"2017-11-08T14:39:22","date_gmt":"2017-11-08T14:39:22","guid":{"rendered":"http:\/\/aalto.edge-themes.com\/?page_id=1038"},"modified":"2025-06-16T13:43:30","modified_gmt":"2025-06-16T13:43:30","slug":"contactos","status":"publish","type":"page","link":"https:\/\/www.grupo-valco.com\/pt\/contactos\/","title":{"rendered":"Contactos"},"content":{"rendered":"<p>[vc_row][vc_column][vc_empty_space height=&#8221;60px&#8221; el_class=&#8221;hide-space&#8221;][vc_raw_html el_class=&#8221;google-mapa&#8221;]JTNDaWZyYW1lJTIwc3JjJTNEJTIyaHR0cHMlM0ElMkYlMkZ3d3cuZ29vZ2xlLmNvbSUyRm1hcHMlMkZlbWJlZCUzRnBiJTNEJTIxMW0xOCUyMTFtMTIlMjExbTMlMjExZDUxNTguOTQwNzI1OTU2MTE3JTIxMmQtOC43MTU2MDEzOTE1NDU5NTglMjEzZDM5Ljc1MDMzMDU0NTUyMTI2JTIxMm0zJTIxMWYwJTIxMmYwJTIxM2YwJTIxM20yJTIxMWkxMDI0JTIxMmk3NjglMjE0ZjEzLjElMjEzbTMlMjExbTIlMjExczB4ZDIyNzEyNDVkN2Y4NjNiJTI1M0EweGM0ZmQ1NTA4NTU5MDJjNjQlMjEyc1ZBTENPJTI1MjAtJTI1MjBNYWRlaXJhcyUyNTIwZSUyNTIwRGVyaXZhZG9zJTI1MkMlMjUyMFMuQS4lMjE1ZTAlMjEzbTIlMjExc3B0LVBUJTIxMnNwdCUyMTR2MTYyMDg5NTAwMzMzMyUyMTVtMiUyMTFzcHQtUFQlMjEyc3B0JTIyJTIwd2lkdGglM0QlMjI4MDAlMjIlMjBoZWlnaHQlM0QlMjI2MDAlMjIlMjBzdHlsZSUzRCUyMmJvcmRlciUzQTAlM0IlMjIlMjBhbGxvd2Z1bGxzY3JlZW4lM0QlMjIlMjIlMjBsb2FkaW5nJTNEJTIybGF6eSUyMiUzRSUzQyUyRmlmcmFtZSUzRQ==[\/vc_raw_html][\/vc_column][\/vc_row][vc_row row_content_width=&#8221;grid&#8221; css=&#8221;.vc_custom_1530891000601{padding-top: 100px !important;padding-bottom: 100px !important;}&#8221;][vc_column]<div class=\"edgtf-elements-holder   edgtf-two-columns  edgtf-responsive-mode-768 \" ><div class=\"edgtf-eh-item  edgtf-vertical-alignment-top  \"  data-item-class=\"edgtf-eh-custom-4194\" data-1024-1280=\"0 0 35px 0\">\n\t<div class=\"edgtf-eh-item-inner\">\n\t\t<div class=\"edgtf-eh-item-content edgtf-eh-custom-4194\" style=\"padding: 0 0 18px 0\">\n\t\t\t<div class=\"edgtf-section-title-holder text-title-page black edgtf-st-standard  edgtf-st-position-left edgtf-appear-fx\" style=\"padding: 0 0%\">\n\t\t<div class=\"edgtf-st-inner\">\n                    <div class=\"edgtf-st-title-holder\">\n                <h2 class=\"edgtf-st-title\" style=\"color: #202020\">\n                    <span class=\"edgtf-st-title-light\">Contactos<\/span><br \/> Grupo Valco                <\/h2>\n            <\/div>\n\t\t\t\t\t<\/div>\n    <\/div>[vc_empty_space height=&#8221;20&#8243;]<div class=\"edgtf-section-title-holder  edgtf-st-standard  edgtf-st-position-left edgtf-appear-fx\" style=\"padding: 0 0%\">\n\t\t<div class=\"edgtf-st-inner\">\n                    <div class=\"edgtf-st-title-holder\">\n                <h4 class=\"edgtf-st-title\" style=\"color: #202020\">\n                    Escrit\u00f3rio                <\/h4>\n            <\/div>\n\t\t\t\t            <div class=\"edgtf-st-text-holder\">\n    \t\t\t<h6 class=\"edgtf-st-text\" style=\"margin-top: 0px\">\n    \t\t\t\tValco - Madeiras e Derivados, S.A.    \t\t\t<\/h6>\n            <\/div>\n\t\t\t<\/div>\n    <\/div>[vc_column_text]Rua das Ind\u00fastrias 53-61<br \/>\n2420-093 Caranguejeira<br \/>\nLeiria &#8211; PORTUGAL[\/vc_column_text]\t\t<\/div>\n\t<\/div>\n<\/div><div class=\"edgtf-eh-item  edgtf-vertical-alignment-top  \"  data-item-class=\"edgtf-eh-custom-5621\">\n\t<div class=\"edgtf-eh-item-inner\">\n\t\t<div class=\"edgtf-eh-item-content edgtf-eh-custom-5621\" style=\"padding: 3px 0 0 0\">\n\t\t\t\n<div class=\"wpcf7 no-js\" id=\"wpcf7-f8703-o1\" lang=\"en-US\" dir=\"ltr\">\n<div class=\"screen-reader-response\"><p role=\"status\" aria-live=\"polite\" aria-atomic=\"true\"><\/p> <ul><\/ul><\/div>\n<form action=\"\/pt\/wp-json\/wp\/v2\/pages\/1038#wpcf7-f8703-o1\" method=\"post\" class=\"wpcf7-form init\" aria-label=\"Contact form\" novalidate=\"novalidate\" data-status=\"init\">\n<div style=\"display: none;\">\n<input type=\"hidden\" name=\"_wpcf7\" value=\"8703\" \/>\n<input type=\"hidden\" name=\"_wpcf7_version\" value=\"5.8.5\" \/>\n<input type=\"hidden\" name=\"_wpcf7_locale\" value=\"en_US\" \/>\n<input type=\"hidden\" name=\"_wpcf7_unit_tag\" value=\"wpcf7-f8703-o1\" \/>\n<input type=\"hidden\" name=\"_wpcf7_container_post\" value=\"0\" \/>\n<input type=\"hidden\" name=\"_wpcf7_posted_data_hash\" value=\"\" \/>\n<input type=\"hidden\" name=\"_wpcf7_recaptcha_response\" value=\"\" \/>\n<\/div>\n<style type=\"text\/css\">\n.wpcf7-form-control.wpcf7-textarea.wpcf7-validates-as-required {\n\t border-bottom: 1px solid #e0e4f2 !important;\n}\n<\/style>\n<div class=\"edgt-cf7-wrapper edgtf-custom-form\">\n\t<div class=\"edgtf-grid-row\">\n\t\t<div class=\"edgtf-grid-col-12\">\n\t\t\t<p><span class=\"wpcf7-form-control-wrap\" data-name=\"your-name\"><input size=\"40\" class=\"wpcf7-form-control wpcf7-text wpcf7-validates-as-required\" aria-required=\"true\" aria-invalid=\"false\" placeholder=\"Nome*\" value=\"\" type=\"text\" name=\"your-name\" \/><\/span>\n\t\t\t<\/p>\n\t\t<\/div>\n\t<\/div>\n\t<div class=\"edgtf-grid-row\">\n\t\t<div class=\"edgtf-grid-col-12\">\n\t\t\t<p><span class=\"wpcf7-form-control-wrap\" data-name=\"your-email\"><input size=\"40\" class=\"wpcf7-form-control wpcf7-text wpcf7-validates-as-required\" aria-required=\"true\" aria-invalid=\"false\" placeholder=\"Email*\" value=\"\" type=\"text\" name=\"your-email\" \/><\/span>\n\t\t\t<\/p>\n\t\t<\/div>\n\t<\/div>\n\t<div class=\"edgtf-grid-row\">\n\t\t<div class=\"edgtf-grid-col-12\">\n\t\t\t<p><span class=\"wpcf7-form-control-wrap\" data-name=\"your-subject\"><input size=\"40\" class=\"wpcf7-form-control wpcf7-text wpcf7-validates-as-required\" aria-required=\"true\" aria-invalid=\"false\" placeholder=\"Assunto*\" value=\"\" type=\"text\" name=\"your-subject\" \/><\/span>\n\t\t\t<\/p>\n\t\t<\/div>\n\t<\/div>\n\t<div class=\"edgtf-grid-row\">\n\t\t<div class=\"edgtf-grid-col-12\">\n\t\t\t<p><span class=\"wpcf7-form-control-wrap\" data-name=\"your-message\"><textarea cols=\"40\" rows=\"10\" class=\"wpcf7-form-control wpcf7-textarea wpcf7-validates-as-required\" aria-required=\"true\" aria-invalid=\"false\" placeholder=\"Mensagem*\" name=\"your-message\"><\/textarea><\/span>\n\t\t\t<\/p>\n\t\t<\/div>\n\t<\/div>\n\t<div class=\"edgtf-grid-row\">\n\t\t<div class=\"edgtf-grid-col-12\" style=\"margin-bottom:20px;text-align: left;\">\n\t\t\t<p><span class=\"wpcf7-form-control-wrap\" data-name=\"gdpr-acceptance\"><span class=\"wpcf7-form-control wpcf7-acceptance\"><span class=\"wpcf7-list-item\"><label><input type=\"checkbox\" name=\"gdpr-acceptance\" value=\"1\" aria-invalid=\"false\" \/><span class=\"wpcf7-list-item-label\">Li e aceito a <a href=\"\/politica-de-privacidade\/\" target=\"_blank\">Pol\u00edtica de Privacidade e Condi\u00e7\u00f5es de Utiliza\u00e7\u00e3o*<\/a>;<\/span><\/label><\/span><\/span><\/span>\n\t\t\t<\/p>\n\t\t<\/div>\n\t<\/div>\n\t<div class=\"edgtf-grid-col-12\">\n\t\t<p><input class=\"wpcf7-form-control wpcf7-submit has-spinner\" type=\"submit\" value=\"Enviar\" \/>\n\t\t<\/p>\n\t<\/div>\n<\/div><div class=\"wpcf7-response-output\" aria-hidden=\"true\"><\/div>\n<\/form>\n<\/div>\n\t\t<\/div>\n\t<\/div>\n<\/div><\/div>[\/vc_column][\/vc_row][vc_row row_content_width=&#8221;grid&#8221; css=&#8221;.vc_custom_1530891023559{padding-top: 100px !important;padding-bottom: 100px !important;}&#8221; simple_background_color=&#8221;#f9f9f9&#8243;][vc_column offset=&#8221;vc_col-lg-12 vc_col-md-12 vc_col-xs-12&#8243;]<div class=\"edgtf-elements-holder   edgtf-four-columns  edgtf-responsive-mode-768 \" ><div class=\"edgtf-eh-item  edgtf-vertical-alignment-top  \"  data-item-class=\"edgtf-eh-custom-4146\" data-1024-1280=\"0 0 35px 0\">\n\t<div class=\"edgtf-eh-item-inner\">\n\t\t<div class=\"edgtf-eh-item-content edgtf-eh-custom-4146\" style=\"padding: 0 0 18px 0\">\n\t\t\t<div class=\"edgtf-section-title-holder  edgtf-st-standard  edgtf-st-position-left edgtf-appear-fx\" style=\"padding: 0 0%\">\n\t\t<div class=\"edgtf-st-inner\">\n                    <div class=\"edgtf-st-title-holder\">\n                <h4 class=\"edgtf-st-title\" style=\"color: #202020\">\n                    Valco                <\/h4>\n            <\/div>\n\t\t\t\t            <div class=\"edgtf-st-text-holder\">\n    \t\t\t<h6 class=\"edgtf-st-text\" style=\"font-weight: 600;margin-top: 0px\">\n    \t\t\t\tCargas e Descargas    \t\t\t<\/h6>\n            <\/div>\n\t\t\t<\/div>\n    <\/div>[vc_column_text]Variante da Caranguejeira<br \/>\nLeiria &#8211; Portugal<\/p>\n<p><strong>T.<\/strong> +351 244 730 130<br \/>\nChamada para a rede fixa nacional<\/p>\n<p><strong>Hor\u00e1rios\u00a0<\/strong>Segunda &#8211; Sexta<br \/>\nEscrit\u00f3rio: 9h &#8211; 12h | 13h30 &#8211; 17h30<br \/>\nProdu\u00e7\u00e3o: 8h &#8211; 12h | 13h &#8211; 17h<\/p>\n<p><strong>Coordenadas<\/strong><br \/>\n39\u00ba45&#8217;02.32&#8243; N<br \/>\n8\u00ba42&#8217;42.14&#8243; O<\/p>\n<p><strong>NIF.<\/strong>\u00a0500 055 734[\/vc_column_text]\t\t<\/div>\n\t<\/div>\n<\/div><div class=\"edgtf-eh-item  edgtf-vertical-alignment-top  \"  data-item-class=\"edgtf-eh-custom-6919\" data-1024-1280=\"0 0 35px 0\">\n\t<div class=\"edgtf-eh-item-inner\">\n\t\t<div class=\"edgtf-eh-item-content edgtf-eh-custom-6919\" style=\"padding: 0 0 18px 0\">\n\t\t\t<div class=\"edgtf-section-title-holder  edgtf-st-standard  edgtf-st-position-left edgtf-appear-fx\" style=\"padding: 0 0%\">\n\t\t<div class=\"edgtf-st-inner\">\n                    <div class=\"edgtf-st-title-holder\">\n                <h4 class=\"edgtf-st-title\" style=\"color: #202020\">\n                    Emprimade                <\/h4>\n            <\/div>\n\t\t\t\t            <div class=\"edgtf-st-text-holder\">\n    \t\t\t<h6 class=\"edgtf-st-text\" style=\"font-weight: 600;margin-top: 0px\">\n    \t\t\t\tEmpresa Industrial de Madeiras, S.A.    \t\t\t<\/h6>\n            <\/div>\n\t\t\t<\/div>\n    <\/div>[vc_column_text]Rua D. Pedro Castilho, n\u00ba 10 Longra<br \/>\n2420-121 Caranguejeira<br \/>\nLeiria &#8211; Portugal<\/p>\n<p><strong>T.<\/strong> +351 244 730 120<br \/>\nChamada para a rede fixa nacional<br \/>\n<strong>Hor\u00e1rios<\/strong>\u00a0Segunda &#8211; Sexta<br \/>\nEscrit\u00f3rio: 8h &#8211; 12h | 13h &#8211; 17h<br \/>\nProdu\u00e7\u00e3o: 8h &#8211; 12h | 13h &#8211; 17h<\/p>\n<p><strong>Coordenadas<\/strong><br \/>\n39\u00ba46&#8217;07.68&#8243; N<br \/>\n8\u00ba43&#8217;30.00&#8243; O<\/p>\n<p><strong>NIF.<\/strong> 501 183 183[\/vc_column_text]\t\t<\/div>\n\t<\/div>\n<\/div><div class=\"edgtf-eh-item  edgtf-vertical-alignment-top  \"  data-item-class=\"edgtf-eh-custom-5551\" data-1024-1280=\"0 0 35px 0\">\n\t<div class=\"edgtf-eh-item-inner\">\n\t\t<div class=\"edgtf-eh-item-content edgtf-eh-custom-5551\" style=\"padding: 0 0 18px 0\">\n\t\t\t<div class=\"edgtf-section-title-holder  edgtf-st-standard  edgtf-st-position-left edgtf-appear-fx\" style=\"padding: 0 0%\">\n\t\t<div class=\"edgtf-st-inner\">\n                    <div class=\"edgtf-st-title-holder\">\n                <h4 class=\"edgtf-st-title\" style=\"color: #202020\">\n                    Angolmade                <\/h4>\n            <\/div>\n\t\t\t\t            <div class=\"edgtf-st-text-holder\">\n    \t\t\t<h6 class=\"edgtf-st-text\" style=\"font-weight: 600;margin-top: 0px\">\n    \t\t\t\tEscrit\u00f3rio    \t\t\t<\/h6>\n            <\/div>\n\t\t\t<\/div>\n    <\/div>[vc_column_text]Munic\u00edpio de Viana &#8211; Prov\u00edncia de Luanda<br \/>\nAngola<\/p>\n<p><strong>T.<\/strong> +244 997 405 038<br \/>\n<strong>T.<\/strong> +244 943 005 057<\/p>\n<p>Chamada para a rede fixa nacional Angolana<\/p>\n<p><strong>Coordenadas<\/strong><br \/>\n-8\u00ba57&#8217;1.04&#8243; N<br \/>\n14\u00ba23&#8217;15.87&#8243; O<\/p>\n<p><strong>NIF.<\/strong> 541 720 30 68[\/vc_column_text]\t\t<\/div>\n\t<\/div>\n<\/div><div class=\"edgtf-eh-item  edgtf-vertical-alignment-top  \"  data-item-class=\"edgtf-eh-custom-5869\" data-1024-1280=\"0 0 35px 0\">\n\t<div class=\"edgtf-eh-item-inner\">\n\t\t<div class=\"edgtf-eh-item-content edgtf-eh-custom-5869\" style=\"padding: 0 0 18px 0\">\n\t\t\t<div class=\"edgtf-section-title-holder  edgtf-st-standard  edgtf-st-position-left edgtf-appear-fx\" style=\"padding: 0 0%\">\n\t\t<div class=\"edgtf-st-inner\">\n                    <div class=\"edgtf-st-title-holder\">\n                <h4 class=\"edgtf-st-title\" style=\"color: #202020\">\n                    Valco Transportes                <\/h4>\n            <\/div>\n\t\t\t\t            <div class=\"edgtf-st-text-holder\">\n    \t\t\t<h6 class=\"edgtf-st-text\" style=\"font-weight: 600;margin-top: 0px\">\n    \t\t\t\tEscit\u00f3rio    \t\t\t<\/h6>\n            <\/div>\n\t\t\t<\/div>\n    <\/div>[vc_column_text]Rua das Ind\u00fastrias 53-61<br \/>\n2420-093 Caranguejeira<br \/>\nLeiria &#8211; Portugal<\/p>\n<p><strong>T.<\/strong> +351 244 730 130<br \/>\nChamada para a rede fixa nacional<\/p>\n<p><strong>Hor\u00e1rios<\/strong>\u00a0Segunda &#8211; Sexta<br \/>\nEscrit\u00f3rio: 8h &#8211; 12h | 13h &#8211; 17h<\/p>\n<p><strong>Coordenadas<\/strong><br \/>\n39\u00ba46&#8217;07.68&#8243; N<br \/>\n8\u00ba43&#8217;30.00&#8243; O<\/p>\n<p><strong>NIF.<\/strong> 508 821 347[\/vc_column_text]\t\t<\/div>\n\t<\/div>\n<\/div><\/div>[\/vc_column][\/vc_row]<\/p>","protected":false},"excerpt":{"rendered":"<p>[vc_row][vc_column][vc_empty_space height=&#8221;60px&#8221; el_class=&#8221;hide-space&#8221;][vc_raw_html el_class=&#8221;google-mapa&#8221;]JTNDaWZyYW1lJTIwc3JjJTNEJTIyaHR0cHMlM0ElMkYlMkZ3d3cuZ29vZ2xlLmNvbSUyRm1hcHMlMkZlbWJlZCUzRnBiJTNEJTIxMW0xOCUyMTFtMTIlMjExbTMlMjExZDUxNTguOTQwNzI1OTU2MTE3JTIxMmQtOC43MTU2MDEzOTE1NDU5NTglMjEzZDM5Ljc1MDMzMDU0NTUyMTI2JTIxMm0zJTIxMWYwJTIxMmYwJTIxM2YwJTIxM20yJTIxMWkxMDI0JTIxMmk3NjglMjE0ZjEzLjElMjEzbTMlMjExbTIlMjExczB4ZDIyNzEyNDVkN2Y4NjNiJTI1M0EweGM0ZmQ1NTA4NTU5MDJjNjQlMjEyc1ZBTENPJTI1MjAtJTI1MjBNYWRlaXJhcyUyNTIwZSUyNTIwRGVyaXZhZG9zJTI1MkMlMjUyMFMuQS4lMjE1ZTAlMjEzbTIlMjExc3B0LVBUJTIxMnNwdCUyMTR2MTYyMDg5NTAwMzMzMyUyMTVtMiUyMTFzcHQtUFQlMjEyc3B0JTIyJTIwd2lkdGglM0QlMjI4MDAlMjIlMjBoZWlnaHQlM0QlMjI2MDAlMjIlMjBzdHlsZSUzRCUyMmJvcmRlciUzQTAlM0IlMjIlMjBhbGxvd2Z1bGxzY3JlZW4lM0QlMjIlMjIlMjBsb2FkaW5nJTNEJTIybGF6eSUyMiUzRSUzQyUyRmlmcmFtZSUzRQ==[\/vc_raw_html][\/vc_column][\/vc_row][vc_row row_content_width=&#8221;grid&#8221; css=&#8221;.vc_custom_1530891000601{padding-top: 100px !important;padding-bottom: 100px !important;}&#8221;][vc_column][\/vc_column][\/vc_row][vc_row row_content_width=&#8221;grid&#8221; css=&#8221;.vc_custom_1530891023559{padding-top: 100px !important;padding-bottom: 100px !important;}&#8221; simple_background_color=&#8221;#f9f9f9&#8243;][vc_column offset=&#8221;vc_col-lg-12 vc_col-md-12 vc_col-xs-12&#8243;][\/vc_column][\/vc_row]<\/p>\n","protected":false},"author":240,"featured_media":0,"parent":0,"menu_order":0,"comment_status":"closed","ping_status":"closed","template":"full-width.php","meta":[],"aioseo_notices":[],"_links":{"self":[{"href":"https:\/\/www.grupo-valco.com\/pt\/wp-json\/wp\/v2\/pages\/1038"}],"collection":[{"href":"https:\/\/www.grupo-valco.com\/pt\/wp-json\/wp\/v2\/pages"}],"about":[{"href":"https:\/\/www.grupo-valco.com\/pt\/wp-json\/wp\/v2\/types\/page"}],"author":[{"embeddable":true,"href":"https:\/\/www.grupo-valco.com\/pt\/wp-json\/wp\/v2\/users\/240"}],"replies":[{"embeddable":true,"href":"https:\/\/www.grupo-valco.com\/pt\/wp-json\/wp\/v2\/comments?post=1038"}],"version-history":[{"count":138,"href":"https:\/\/www.grupo-valco.com\/pt\/wp-json\/wp\/v2\/pages\/1038\/revisions"}],"predecessor-version":[{"id":8718,"href":"https:\/\/www.grupo-valco.com\/pt\/wp-json\/wp\/v2\/pages\/1038\/revisions\/8718"}],"wp:attachment":[{"href":"https:\/\/www.grupo-valco.com\/pt\/wp-json\/wp\/v2\/media?parent=1038"}],"curies":[{"name":"wp","href":"https:\/\/api.w.org\/{rel}","templated":true}]}}